{"id":467,"date":"2024-01-12T15:58:10","date_gmt":"2024-01-12T13:58:10","guid":{"rendered":"https:\/\/zulonas.eu\/homepage\/"},"modified":"2024-03-08T11:11:29","modified_gmt":"2024-03-08T09:11:29","slug":"homepage","status":"publish","type":"page","link":"https:\/\/zulonas.eu\/en\/","title":{"rendered":"Homepage"},"content":{"rendered":"\n<section class=\"wp-block-group has-global-padding is-layout-constrained wp-block-group-is-layout-constrained\">\n<div class=\"wp-block-group bg-image home-banner is-layout-flow wp-block-group-is-layout-flow has-background\" style=\"padding-top:180px;padding-bottom:180px;background-image:url(&#039;https:\/\/zulonas.eu\/wp-content\/uploads\/2024\/01\/home-bg-vector.svg&#039;);background-size:cover;\">\n<div class=\"wp-block-columns is-layout-flex wp-container-core-columns-is-layout-28f84493 wp-block-columns-is-layout-flex\">\n<div class=\"wp-block-column mob-w-100 is-layout-flow wp-block-column-is-layout-flow\" style=\"flex-basis:50%\">\n<h1 class=\"wp-block-heading\" style=\"font-size:24px;font-style:normal;font-weight:400\">Law Firm of the Attorney-at-Law Vykintas Zulonas<\/h1>\n\n\n\n<p style=\"font-size:54px;line-height:1.1\">Legal Acumen and Experience for the <span style=\"color: #929B92;\">Success of the Client.<\/span><\/p>\n\n\n\n<div class=\"wp-block-buttons is-layout-flex wp-container-core-buttons-is-layout-eb8c85e9 wp-block-buttons-is-layout-flex\" style=\"margin-top:30px\">\n<div class=\"wp-block-button\"><a class=\"wp-block-button__link wp-element-button\" href=\"#services\">Services <img loading=\"lazy\" decoding=\"async\" width=\"15\" height=\"15\" class=\"wp-image-128\" style=\"width: 15px;\" src=\"https:\/\/zulonas.eu\/wp-content\/uploads\/2024\/01\/icon-arrow-right.svg\" alt=\"\"><\/a><\/div>\n\n\n\n<div class=\"wp-block-button\"><a class=\"wp-block-button__link has-custom-primary-color has-white-background-color has-text-color has-background has-link-color wp-element-button\" href=\"tel:+37068694354\">Call <img loading=\"lazy\" decoding=\"async\" width=\"15\" height=\"15\" class=\"wp-image-129\" style=\"width: 15px;\" src=\"https:\/\/zulonas.eu\/wp-content\/uploads\/2024\/01\/icon-phone.svg\" alt=\"\"><\/a><\/div>\n<\/div>\n<\/div>\n<\/div>\n<\/div>\n<\/section>\n\n\n\n<section class=\"wp-block-group alignfull align-items-center bg-img mob-hide is-layout-flow wp-block-group-is-layout-flow has-background\" id=\"values\" style=\"min-height:46vw;margin-top:0px;background-image:url(&#039;https:\/\/zulonas.eu\/wp-content\/uploads\/2024\/02\/zulonas-dekstop-en.jpg&#039;);background-size:cover;\"><\/section>\n\n\n\n<section class=\"wp-block-group alignfull align-items-center bg-img dekstop-hide is-layout-flow wp-block-group-is-layout-flow has-background\" id=\"values\" style=\"min-height:100vw;margin-top:0px;background-image:url(&#039;https:\/\/zulonas.eu\/wp-content\/uploads\/2024\/02\/zulonas-mobile-en.jpg&#039;);background-size:cover;\"><\/section>\n\n\n\n<section id=\"about\" class=\"wp-block-group has-global-padding is-layout-constrained wp-block-group-is-layout-constrained\" style=\"padding-top:70px;padding-bottom:70px\">\n<div class=\"wp-block-columns is-layout-flex wp-container-core-columns-is-layout-f5a44f5b wp-block-columns-is-layout-flex\">\n<div class=\"wp-block-column is-layout-flow wp-block-column-is-layout-flow\" style=\"flex-basis:30%\">\n<h2 class=\"wp-block-heading\" style=\"font-size:40px;font-style:normal;font-weight:400;letter-spacing:-0.4px;line-height:1.1\">Attorney-at-Law Vykintas Zulonas<\/h2>\n\n\n\n<figure class=\"wp-block-image size-full has-custom-border\"><img loading=\"lazy\" decoding=\"async\" width=\"320\" height=\"489\" src=\"https:\/\/zulonas.eu\/wp-content\/uploads\/2024\/02\/zulonas.jpg\" alt=\"\" class=\"wp-image-273\" style=\"border-radius:24px\" srcset=\"https:\/\/zulonas.eu\/wp-content\/uploads\/2024\/02\/zulonas.jpg 320w, https:\/\/zulonas.eu\/wp-content\/uploads\/2024\/02\/zulonas-196x300.jpg 196w\" sizes=\"auto, (max-width: 320px) 100vw, 320px\" \/><\/figure>\n<\/div>\n\n\n\n<div class=\"wp-block-column is-layout-flow wp-block-column-is-layout-flow\" style=\"flex-basis:70%\">\n<p>Vykintas Zulonas is an Attorney-at-Law practicing in Klaip\u0117da city. After gaining a Master\u2019s Degree in law at the Faculty of Law of Vilnius University in 2002, he returned to Klaip\u0117da and began his way to Lithuanian Bar at the Law Firm \u201cA. \u0160imkus, R. \u0160imkien\u0117 and Partners\u201d. in 2006 he passed the Bar Exam, became a member of the Lithuanian Bar Association and started to work as Partner at the Law Firm \u201cA. \u0160imkus, R. \u0160imkien\u0117 and Partners\u201d. In 2024 Vykintas Zulonas started his own practice at the Law Firm of the Attorney-at-Law Vykintas Zulonas.        <\/p>\n\n\n\n<p>Attorney-at-Law Vykintas Zulonas has over 20 years of experience in the fields of litigation of civil and commercial cases, bankruptcy and restructuring proceedings, restructuring and management of impaired assets, risk and conflict management. Diligent investigation and analytical work, also the ability to give duly substantiated oral and written argumentation are his strongest points.<\/p>\n\n\n\n<p>Vykintas Zulonas has participated in solving complicated large-scale legal disputes and is able to make professional strategic decisions in case execution and to find solutions out of complicated legal situations. Main areas of his specialisation \u2013 disputes between shareholders, corporate and M&amp;A disputes, disputes in the fields of management liability, insolvency, cargo transportation, real estate and construction, also other commercial disputes.<\/p>\n\n\n\n<p>Vykintas Zulonas also has considerable experience in the fields of commercial and corporate law, therefore can help in launching and expanding business, concluding transactions, as well as provide support in relation to reorganisation, conversion, corporate governance, risk management, liability of management bodies, planning and conducting general meetings of shareholders, board meetings and prepare related documents.<\/p>\n\n\n\n<p>In relations with the Client, Vykintas Zulonas mostly values the Client&#8217;s trust and freedom to act given to the Attorney-at-Law. This kind of relationship between the Client and the Attorney-at-Law allows him to work efficiently, constantly take care of the Client&#8217;s interests, duly fulfil the legitimate and reasonable expectations of the Client and to achieve the best and most optimal outcome.<\/p>\n<\/div>\n<\/div>\n<\/section>\n\n\n\n<section class=\"wp-block-group alignfull bg-vector-light has-white-color has-custom-primary-background-color has-text-color has-background has-link-color wp-elements-80359bc639b8bed4ab770a9c9782ca96 is-layout-flow wp-block-group-is-layout-flow\" id=\"services\" style=\"padding-top:70px\">\n<div class=\"wp-block-group has-global-padding is-layout-constrained wp-container-core-group-is-layout-530ec779 wp-block-group-is-layout-constrained\">\n<h2 class=\"wp-block-heading\" style=\"margin-bottom:50px;font-size:40px;font-style:normal;font-weight:400;letter-spacing:-0.4px;line-height:1.1\">Practice areas<\/h2>\n<\/div>\n\n\n\n<div class=\"wp-block-columns is-layout-flex wp-container-core-columns-is-layout-28f84493 wp-block-columns-is-layout-flex\">\n<div class=\"wp-block-column is-vertically-aligned-top tablet-hide is-layout-flow wp-block-column-is-layout-flow\" style=\"flex-basis:30%\">\n<figure class=\"wp-block-image aligncenter size-large\"><img loading=\"lazy\" decoding=\"async\" width=\"406\" height=\"651\" src=\"https:\/\/zulonas.eu\/wp-content\/uploads\/2024\/01\/home-bg-vector-light.svg\" alt=\"\" class=\"wp-image-147\"\/><\/figure>\n<\/div>\n\n\n\n<div class=\"wp-block-column tablet-w-100 is-layout-flow wp-block-column-is-layout-flow\" style=\"padding-bottom:70px;flex-basis:40%\">\n<div class=\"wp-block-group has-global-padding is-layout-constrained wp-container-core-group-is-layout-6a5ff8df wp-block-group-is-layout-constrained\" style=\"margin-bottom:30px\">\n<details class=\"wp-block-details toggle is-layout-flow wp-block-details-is-layout-flow\" style=\"border-bottom-color:#839383;border-bottom-width:1px;padding-bottom:20px;font-size:24px;font-style:normal;font-weight:400\"><summary>Corporate Law <\/summary>\n<p class=\"has-pale-pink-color has-text-color has-link-color wp-elements-0669575aa0e55d65199e7662eb037428\" style=\"font-size:16px\">Set-up of Legal Entities; <br>Corporate Governance; <br>Mergers and Acquisitions;<br>Reorganisation and Conversion; <br>Winding-up of Legal Entities;<br>Legal Audit (Due Diligence); <br>Risk Management; <br>Commercial Law; <br>Drafting of Contracts.<\/p>\n<\/details>\n\n\n\n<details class=\"wp-block-details toggle is-layout-flow wp-block-details-is-layout-flow\" style=\"border-bottom-color:#839383;border-bottom-width:1px;padding-bottom:20px;font-size:24px;font-style:normal;font-weight:400\"><summary>Real Estate and Construction<\/summary>\n<p class=\"has-pale-pink-color has-text-color has-link-color wp-elements-f2b4ba862b66ffac1dcc86599586efb3\" style=\"font-size:16px\">Territorial Planning; <br>Development of Real Estate Projects; <br>Construction Process; <br>Real Estate Transactions.<\/p>\n<\/details>\n\n\n\n<details class=\"wp-block-details toggle is-layout-flow wp-block-details-is-layout-flow\" style=\"border-bottom-color:#839383;border-bottom-width:1px;padding-bottom:20px;font-size:24px;font-style:normal;font-weight:400\"><summary>Transport Law<\/summary>\n<p class=\"has-pale-pink-color has-text-color has-link-color wp-elements-a3ae81445b35a58cd86f4868bce7779c\" style=\"font-size:16px\">Carriage of Goods by Road;<br>Carrier Liability.<\/p>\n<\/details>\n\n\n\n<details class=\"wp-block-details toggle is-layout-flow wp-block-details-is-layout-flow\" style=\"border-bottom-color:#839383;border-bottom-width:1px;padding-bottom:20px;font-size:24px;font-style:normal;font-weight:400\"><summary>Insolvency and Restructuring<\/summary>\n<p class=\"has-pale-pink-color has-text-color has-link-color wp-elements-baac912df5e4628c34f31c30de8569ef\" style=\"font-size:16px\">Initiation of Bankruptcy Procedures; <br>Protection of Creditors\u2019 Interests; <br>Liability of Management Bodies; <br>Fraudulent Insolvency; <br>Risk Management; <br>Restructuring and Management of Impaired Assets.<\/p>\n<\/details>\n\n\n\n<details class=\"wp-block-details toggle is-layout-flow wp-block-details-is-layout-flow\" style=\"border-bottom-color:#839383;border-bottom-width:1px;padding-bottom:20px;font-size:24px;font-style:normal;font-weight:400\"><summary>Dispute Resolution<\/summary>\n<p class=\"has-pale-pink-color has-text-color has-link-color wp-elements-a2ba181349c795b69d96adc918f7e20b\" style=\"font-size:16px\">Strategy Formulation; <br>Pre-trial Dispute Resolution; <br>Litigation; <br>Debt Collection and Execution Process Management; <br>Restructuring &amp; Insolvency; <br>Internal Investigations; <br>Dispute Prevention. <\/p>\n<\/details>\n<\/div>\n<\/div>\n\n\n\n<div class=\"wp-block-column is-vertically-aligned-bottom tablet-hide is-layout-flow wp-block-column-is-layout-flow\" style=\"flex-basis:30%\">\n<figure class=\"wp-block-image aligncenter size-large\"><img loading=\"lazy\" decoding=\"async\" width=\"406\" height=\"651\" src=\"https:\/\/zulonas.eu\/wp-content\/uploads\/2024\/01\/home-bg-vector-light.svg\" alt=\"\" class=\"wp-image-147\"\/><\/figure>\n<\/div>\n<\/div>\n<\/section>\n\n\n\n<section id=\"contacts\" class=\"wp-block-group has-global-padding is-layout-constrained wp-block-group-is-layout-constrained\" style=\"padding-top:70px;padding-bottom:70px\">\n<h2 class=\"wp-block-heading has-text-align-center\" style=\"margin-bottom:30px;font-size:40px;font-style:normal;font-weight:400\">Let&#8217;s get in touch for legal solutions<\/h2>\n\n\n\n<div class=\"wp-block-buttons contact-buttons is-content-justification-center is-nowrap is-layout-flex wp-container-core-buttons-is-layout-4d2a231a wp-block-buttons-is-layout-flex\">\n<div class=\"wp-block-button has-custom-font-size\" style=\"font-size:15px;line-height:1\"><a class=\"wp-block-button__link has-custom-primary-color has-white-background-color has-text-color has-background has-link-color has-border-color has-white-border-color wp-element-button\" href=\"tel:+37068694354\" style=\"border-width:1px;border-top-left-radius:40px;border-top-right-radius:0px;border-bottom-left-radius:40px;border-bottom-right-radius:0px;padding-right:10px;padding-left:10px\"><img loading=\"lazy\" decoding=\"async\" width=\"15\" height=\"15\" class=\"wp-image-129\" style=\"width: 15px;\" src=\"https:\/\/zulonas.eu\/wp-content\/uploads\/2024\/01\/icon-phone.svg\" alt=\"\">  +370 686 94354<\/a><\/div>\n\n\n\n<div class=\"wp-block-button has-custom-font-size\" style=\"font-size:15px;line-height:1\"><a class=\"wp-block-button__link has-custom-primary-color has-white-background-color has-text-color has-background has-link-color has-border-color has-white-border-color wp-element-button\" href=\"mailto:vykintas@zulonas.eu\" style=\"border-width:1px;border-top-left-radius:0px;border-top-right-radius:40px;border-bottom-left-radius:0px;border-bottom-right-radius:40px;padding-right:10px;padding-left:10px\"><img loading=\"lazy\" decoding=\"async\" width=\"15\" height=\"15\" class=\"wp-image-167\" style=\"width: 15px;\" src=\"https:\/\/zulonas.eu\/wp-content\/uploads\/2024\/01\/icon-email.svg\" alt=\"\"> vykintas@zulonas.eu <\/a><\/div>\n<\/div>\n\n\n\n<p class=\"has-text-align-center\">Attorney-at-Law has a remote workplace <br>Link to the List of Practicing Attorneys-at-Law in Lithuania: <a href=\"https:\/\/www.advokatura.lt\/iraso-informacija\/advokatu-paieska\/Vykintas-Zulonas\/\">https:\/\/shorturl.at\/nwyE3<\/a> <\/p>\n<\/section>\n","protected":false},"excerpt":{"rendered":"<p>Law Firm of the Attorney-at-Law Vykintas Zulonas Legal Acumen and Experience for the Success of the Client. Attorney-at-Law Vykintas Zulonas Vykintas Zulonas is an Attorney-at-Law practicing in Klaip\u0117da city. After gaining a Master\u2019s Degree in law at the Faculty of Law of Vilnius University in 2002, he returned to Klaip\u0117da and began his way to [&hellip;]<\/p>\n","protected":false},"author":1,"featured_media":0,"parent":0,"menu_order":0,"comment_status":"closed","ping_status":"closed","template":"","meta":{"footnotes":""},"class_list":["post-467","page","type-page","status-publish","hentry"],"yoast_head":"<!-- This site is optimized with the Yoast SEO plugin v26.2 - https:\/\/yoast.com\/wordpress\/plugins\/seo\/ -->\n<title>Lawyer in Klaip\u0117da Vykintas Zulonas | Legal Services<\/title>\n<meta name=\"description\" content=\"100% reliable choice. Lawyer Vykintas Zulonas provides civil law services in Klaip\u0117da. Experience and intelligence are part of success.\" \/>\n<meta name=\"robots\" content=\"index, follow, max-snippet:-1, max-image-preview:large, max-video-preview:-1\" \/>\n<link rel=\"canonical\" href=\"https:\/\/zulonas.eu\/en\/\" \/>\n<meta property=\"og:locale\" content=\"en_US\" \/>\n<meta property=\"og:type\" content=\"article\" \/>\n<meta property=\"og:title\" content=\"Lawyer in Klaip\u0117da Vykintas Zulonas | Legal Services\" \/>\n<meta property=\"og:description\" content=\"100% reliable choice. Lawyer Vykintas Zulonas provides civil law services in Klaip\u0117da. Experience and intelligence are part of success.\" \/>\n<meta property=\"og:url\" content=\"https:\/\/zulonas.eu\/en\/\" \/>\n<meta property=\"og:site_name\" content=\"Advokatas Vykintas Zulonas\" \/>\n<meta property=\"article:modified_time\" content=\"2024-03-08T09:11:29+00:00\" \/>\n<meta property=\"og:image\" content=\"https:\/\/zulonas.eu\/wp-content\/uploads\/2024\/01\/icon-arrow-right.svg\" \/>\n<meta name=\"twitter:card\" content=\"summary_large_image\" \/>\n<meta name=\"twitter:label1\" content=\"Est. reading time\" \/>\n\t<meta name=\"twitter:data1\" content=\"4 minutes\" \/>\n<script type=\"application\/ld+json\" class=\"yoast-schema-graph\">{\"@context\":\"https:\/\/schema.org\",\"@graph\":[{\"@type\":\"WebPage\",\"@id\":\"https:\/\/zulonas.eu\/en\/\",\"url\":\"https:\/\/zulonas.eu\/en\/\",\"name\":\"Lawyer in Klaip\u0117da Vykintas Zulonas | Legal Services\",\"isPartOf\":{\"@id\":\"https:\/\/zulonas.eu\/#website\"},\"primaryImageOfPage\":{\"@id\":\"https:\/\/zulonas.eu\/en\/#primaryimage\"},\"image\":{\"@id\":\"https:\/\/zulonas.eu\/en\/#primaryimage\"},\"thumbnailUrl\":\"https:\/\/zulonas.eu\/wp-content\/uploads\/2024\/01\/icon-arrow-right.svg\",\"datePublished\":\"2024-01-12T13:58:10+00:00\",\"dateModified\":\"2024-03-08T09:11:29+00:00\",\"description\":\"100% reliable choice. Lawyer Vykintas Zulonas provides civil law services in Klaip\u0117da. Experience and intelligence are part of success.\",\"breadcrumb\":{\"@id\":\"https:\/\/zulonas.eu\/en\/#breadcrumb\"},\"inLanguage\":\"en-US\",\"potentialAction\":[{\"@type\":\"ReadAction\",\"target\":[\"https:\/\/zulonas.eu\/en\/\"]}]},{\"@type\":\"ImageObject\",\"inLanguage\":\"en-US\",\"@id\":\"https:\/\/zulonas.eu\/en\/#primaryimage\",\"url\":\"https:\/\/zulonas.eu\/wp-content\/uploads\/2024\/01\/icon-arrow-right.svg\",\"contentUrl\":\"https:\/\/zulonas.eu\/wp-content\/uploads\/2024\/01\/icon-arrow-right.svg\"},{\"@type\":\"BreadcrumbList\",\"@id\":\"https:\/\/zulonas.eu\/en\/#breadcrumb\",\"itemListElement\":[{\"@type\":\"ListItem\",\"position\":1,\"name\":\"Home\",\"item\":\"https:\/\/zulonas.eu\/en\/\"},{\"@type\":\"ListItem\",\"position\":2,\"name\":\"Homepage\"}]},{\"@type\":\"WebSite\",\"@id\":\"https:\/\/zulonas.eu\/#website\",\"url\":\"https:\/\/zulonas.eu\/\",\"name\":\"Advokatas Klaip\u0117doje Vykintas Zulonas\",\"description\":\"Advokato Vykinto Zulono kontora Klaip\u0117doje\",\"publisher\":{\"@id\":\"https:\/\/zulonas.eu\/#\/schema\/person\/d8e005fc9e789780e30559d5622da1c5\"},\"potentialAction\":[{\"@type\":\"SearchAction\",\"target\":{\"@type\":\"EntryPoint\",\"urlTemplate\":\"https:\/\/zulonas.eu\/?s={search_term_string}\"},\"query-input\":{\"@type\":\"PropertyValueSpecification\",\"valueRequired\":true,\"valueName\":\"search_term_string\"}}],\"inLanguage\":\"en-US\"},{\"@type\":[\"Person\",\"Organization\"],\"@id\":\"https:\/\/zulonas.eu\/#\/schema\/person\/d8e005fc9e789780e30559d5622da1c5\",\"name\":\"Simona\",\"image\":{\"@type\":\"ImageObject\",\"inLanguage\":\"en-US\",\"@id\":\"https:\/\/zulonas.eu\/#\/schema\/person\/image\/\",\"url\":\"https:\/\/zulonas.eu\/wp-content\/uploads\/2024\/01\/logo-zulonas.svg\",\"contentUrl\":\"https:\/\/zulonas.eu\/wp-content\/uploads\/2024\/01\/logo-zulonas.svg\",\"width\":200,\"height\":44,\"caption\":\"Simona\"},\"logo\":{\"@id\":\"https:\/\/zulonas.eu\/#\/schema\/person\/image\/\"}}]}<\/script>\n<!-- \/ Yoast SEO plugin. -->","yoast_head_json":{"title":"Lawyer in Klaip\u0117da Vykintas Zulonas | Legal Services","description":"100% reliable choice. Lawyer Vykintas Zulonas provides civil law services in Klaip\u0117da. Experience and intelligence are part of success.","robots":{"index":"index","follow":"follow","max-snippet":"max-snippet:-1","max-image-preview":"max-image-preview:large","max-video-preview":"max-video-preview:-1"},"canonical":"https:\/\/zulonas.eu\/en\/","og_locale":"en_US","og_type":"article","og_title":"Lawyer in Klaip\u0117da Vykintas Zulonas | Legal Services","og_description":"100% reliable choice. Lawyer Vykintas Zulonas provides civil law services in Klaip\u0117da. Experience and intelligence are part of success.","og_url":"https:\/\/zulonas.eu\/en\/","og_site_name":"Advokatas Vykintas Zulonas","article_modified_time":"2024-03-08T09:11:29+00:00","og_image":[{"url":"https:\/\/zulonas.eu\/wp-content\/uploads\/2024\/01\/icon-arrow-right.svg","type":"","width":"","height":""}],"twitter_card":"summary_large_image","twitter_misc":{"Est. reading time":"4 minutes"},"schema":{"@context":"https:\/\/schema.org","@graph":[{"@type":"WebPage","@id":"https:\/\/zulonas.eu\/en\/","url":"https:\/\/zulonas.eu\/en\/","name":"Lawyer in Klaip\u0117da Vykintas Zulonas | Legal Services","isPartOf":{"@id":"https:\/\/zulonas.eu\/#website"},"primaryImageOfPage":{"@id":"https:\/\/zulonas.eu\/en\/#primaryimage"},"image":{"@id":"https:\/\/zulonas.eu\/en\/#primaryimage"},"thumbnailUrl":"https:\/\/zulonas.eu\/wp-content\/uploads\/2024\/01\/icon-arrow-right.svg","datePublished":"2024-01-12T13:58:10+00:00","dateModified":"2024-03-08T09:11:29+00:00","description":"100% reliable choice. Lawyer Vykintas Zulonas provides civil law services in Klaip\u0117da. Experience and intelligence are part of success.","breadcrumb":{"@id":"https:\/\/zulonas.eu\/en\/#breadcrumb"},"inLanguage":"en-US","potentialAction":[{"@type":"ReadAction","target":["https:\/\/zulonas.eu\/en\/"]}]},{"@type":"ImageObject","inLanguage":"en-US","@id":"https:\/\/zulonas.eu\/en\/#primaryimage","url":"https:\/\/zulonas.eu\/wp-content\/uploads\/2024\/01\/icon-arrow-right.svg","contentUrl":"https:\/\/zulonas.eu\/wp-content\/uploads\/2024\/01\/icon-arrow-right.svg"},{"@type":"BreadcrumbList","@id":"https:\/\/zulonas.eu\/en\/#breadcrumb","itemListElement":[{"@type":"ListItem","position":1,"name":"Home","item":"https:\/\/zulonas.eu\/en\/"},{"@type":"ListItem","position":2,"name":"Homepage"}]},{"@type":"WebSite","@id":"https:\/\/zulonas.eu\/#website","url":"https:\/\/zulonas.eu\/","name":"Advokatas Klaip\u0117doje Vykintas Zulonas","description":"Advokato Vykinto Zulono kontora Klaip\u0117doje","publisher":{"@id":"https:\/\/zulonas.eu\/#\/schema\/person\/d8e005fc9e789780e30559d5622da1c5"},"potentialAction":[{"@type":"SearchAction","target":{"@type":"EntryPoint","urlTemplate":"https:\/\/zulonas.eu\/?s={search_term_string}"},"query-input":{"@type":"PropertyValueSpecification","valueRequired":true,"valueName":"search_term_string"}}],"inLanguage":"en-US"},{"@type":["Person","Organization"],"@id":"https:\/\/zulonas.eu\/#\/schema\/person\/d8e005fc9e789780e30559d5622da1c5","name":"Simona","image":{"@type":"ImageObject","inLanguage":"en-US","@id":"https:\/\/zulonas.eu\/#\/schema\/person\/image\/","url":"https:\/\/zulonas.eu\/wp-content\/uploads\/2024\/01\/logo-zulonas.svg","contentUrl":"https:\/\/zulonas.eu\/wp-content\/uploads\/2024\/01\/logo-zulonas.svg","width":200,"height":44,"caption":"Simona"},"logo":{"@id":"https:\/\/zulonas.eu\/#\/schema\/person\/image\/"}}]}},"_links":{"self":[{"href":"https:\/\/zulonas.eu\/en\/wp-json\/wp\/v2\/pages\/467","targetHints":{"allow":["GET"]}}],"collection":[{"href":"https:\/\/zulonas.eu\/en\/wp-json\/wp\/v2\/pages"}],"about":[{"href":"https:\/\/zulonas.eu\/en\/wp-json\/wp\/v2\/types\/page"}],"author":[{"embeddable":true,"href":"https:\/\/zulonas.eu\/en\/wp-json\/wp\/v2\/users\/1"}],"replies":[{"embeddable":true,"href":"https:\/\/zulonas.eu\/en\/wp-json\/wp\/v2\/comments?post=467"}],"version-history":[{"count":27,"href":"https:\/\/zulonas.eu\/en\/wp-json\/wp\/v2\/pages\/467\/revisions"}],"predecessor-version":[{"id":519,"href":"https:\/\/zulonas.eu\/en\/wp-json\/wp\/v2\/pages\/467\/revisions\/519"}],"wp:attachment":[{"href":"https:\/\/zulonas.eu\/en\/wp-json\/wp\/v2\/media?parent=467"}],"curies":[{"name":"wp","href":"https:\/\/api.w.org\/{rel}","templated":true}]}}